{"id":1401,"date":"2021-05-10T17:50:30","date_gmt":"2021-05-10T17:50:30","guid":{"rendered":"http:\/\/bajamorocco.com\/?page_id=1401"},"modified":"2025-11-09T12:37:14","modified_gmt":"2025-11-09T12:37:14","slug":"service-and-logistics","status":"publish","type":"page","link":"https:\/\/bajamorocco.com\/index.php\/service-and-logistics\/","title":{"rendered":"Rentals, logistics and service solutions"},"content":{"rendered":"<div class=\"wpb-content-wrapper\"><p>[vc_row][vc_column width=&#8221;1\/2&#8243;][vc_single_image image=&#8221;2872&#8243; img_size=&#8221;large&#8221; alignment=&#8221;center&#8221;][vc_gallery type=&#8221;image_grid&#8221; images=&#8221;2290,2286&#8243; img_size=&#8221;medium&#8221; onclick=&#8221;&#8221;][\/vc_column][vc_column width=&#8221;1\/2&#8243;][vc_custom_heading text=&#8221;SOLURENT&#8221; use_theme_fonts=&#8221;yes&#8221; font_weight=&#8221;700&#8243; skin=&#8221;primary&#8221;][vc_column_text]Toujours pr\u00e9sent sur la Baja SSV Morocco et aussi le Carta Rallye.<\/p>\n<p>Fort de notre exp\u00e9rience dans le milieu du rallye raid toute cat\u00e9gorie depuis un certain nombre d\u2019ann\u00e9e, nous vous proposons nos service de transport et gestion logistique, de votre mat\u00e9riel et confort pour tout type d\u2019\u00e9v\u00e9nement.<\/p>\n<p>Cat\u00e9gorie : T1, T2, T3, T4 et Camion.<\/p>\n<p>Nos Camions :\u00a0 3 camions de disponible pour minimum 6 v\u00e9hicules<\/p>\n<p>2 caisses ampliroll enti\u00e8rement \u00e9quip\u00e9 avec couchage minimum 10 places<\/p>\n<p>Contact :\u00a0<a href=\"Antoine.vitse@solurent-location.com\">Antoine.vitse@solurent-location.com<\/a><\/p>\n<p>Antoine Vitse: +33677764785[\/vc_column_text][vc_column_text]<a href=\"https:\/\/www.facebook.com\/profile.php?id=100083131458789\" target=\"_blank\" rel=\"noopener\"><img loading=\"lazy\" decoding=\"async\" class=\"alignnone wp-image-1468\" src=\"https:\/\/bajamorocco.com\/wp-content\/uploads\/2021\/05\/Facebook-logo-300x188.png\" alt=\"\" width=\"75\" height=\"47\" \/><\/a><img loading=\"lazy\" decoding=\"async\" class=\"alignnone wp-image-1474\" src=\"https:\/\/bajamorocco.com\/wp-content\/uploads\/2021\/05\/insta-300x300.png\" alt=\"\" width=\"47\" height=\"47\" \/> <img loading=\"lazy\" decoding=\"async\" class=\"alignnone wp-image-1484 size-full\" src=\"https:\/\/bajamorocco.com\/wp-content\/uploads\/2021\/05\/youtube_logo_47_47.png\" alt=\"\" width=\"47\" height=\"47\" \/>[\/vc_column_text][\/vc_column][\/vc_row][vc_row][vc_column][vc_separator color=&#8221;custom&#8221; border_width=&#8221;5&#8243; style=&#8221;solid&#8221; accent_color=&#8221;#ec6c04&#8243;][\/vc_column][\/vc_row][vc_row][vc_column width=&#8221;1\/2&#8243;][vc_single_image image=&#8221;8277&#8243; img_size=&#8221;large&#8221; alignment=&#8221;center&#8221; css=&#8221;&#8221; css_params=&#8221;&#8221;][\/vc_column][vc_column width=&#8221;1\/2&#8243;][vc_custom_heading text=&#8221;Team Couteau&#8221; use_theme_fonts=&#8221;yes&#8221; font_weight=&#8221;700&#8243; skin=&#8221;primary&#8221; css_params=&#8221;&#8221;][vc_column_text css=&#8221;&#8221; css_params=&#8221;&#8221;]Pour l&#8217;\u00e9dition 2025 de la Baja Morocco nous vous proposons une formule malles moto. Motards Motardes nous serons \u00e0 vos c\u00f4t\u00e9s, de la prise en charge de votre moto <span class=\"x3nfvp2 x1j61x8r x1fcty0u xdj266r xhhsvwb xat24cr xgzva0m xxymvpz xlup9mm x1kky2od\"><img loading=\"lazy\" decoding=\"async\" class=\"xz74otr\" src=\"https:\/\/static.xx.fbcdn.net\/images\/emoji.php\/v9\/t36\/2\/16\/1f69b.png\" alt=\"????\" width=\"16\" height=\"16\"><\/span>pour le transport au service malles moto pendant toute la course. Fort de notre exp\u00e9rience, savoir faire et convivialit\u00e9 seront au rendez vous. Pour les informations formules et transport contactez <a class=\"x1i10hfl xjbqb8w x6umtig x1b1mbwd xaqea5y xav7gou x9f619 x1ypdohk xt0psk2 xe8uvvx xdj266r x11i5rnm xat24cr x1mh8g0r xexx8yu x4uap5 x18d9i69 xkhd6sd x16tdsg8 x1hl2dhg xggy1nq x1a2a7pz xt0b8zv x1qq9wsj xo1l8bm\" tabindex=\"0\" role=\"link\" href=\"https:\/\/www.facebook.com\/sylvain.couteau.1?__cft__[0]=AZWB7OIVQkENPJSRV5WiaDKUgocPwLjUwUtDyJJ92lhZ9jWJPfxleM88C3NQZ80xnEB-RD56BNietv5DckaVGkVJvmReWkVcCC3Liou_vgOK1MPHTQ_2T5cvo_C4fpLypkVHoiJOj50Y7VTjcbLV93fQmd-rD4eq50mnQ97k5G-irz45V2pUyMobTOBIQj-uC_yDuHHBvsF1R1atUeckUEq5&amp;__tn__=-]K-y-R\"><span class=\"xt0psk2\">Sylvain Couteau<\/span><\/a> au +33.06.25.62.00.21 et pour l&#8217;administratif Val\u00e9rie Couteau mail : couteau.garage@gmail.com<span class=\"x3nfvp2 x1j61x8r x1fcty0u xdj266r xhhsvwb xat24cr xgzva0m xxymvpz xlup9mm x1kky2od\"><img loading=\"lazy\" decoding=\"async\" class=\"xz74otr\" src=\"https:\/\/static.xx.fbcdn.net\/images\/emoji.php\/v9\/t8b\/2\/16\/1f3cd.png\" alt=\"????\ufe0f\" width=\"16\" height=\"16\"><\/span><span class=\"x3nfvp2 x1j61x8r x1fcty0u xdj266r xhhsvwb xat24cr xgzva0m xxymvpz xlup9mm x1kky2od\"><img loading=\"lazy\" decoding=\"async\" class=\"xz74otr\" src=\"https:\/\/static.xx.fbcdn.net\/images\/emoji.php\/v9\/t8b\/2\/16\/1f3cd.png\" alt=\"????\ufe0f\" width=\"16\" height=\"16\"><\/span><span class=\"x3nfvp2 x1j61x8r x1fcty0u xdj266r xhhsvwb xat24cr xgzva0m xxymvpz xlup9mm x1kky2od\"><img loading=\"lazy\" decoding=\"async\" class=\"xz74otr\" src=\"https:\/\/static.xx.fbcdn.net\/images\/emoji.php\/v9\/t58\/2\/16\/1f6e0.png\" alt=\"????\ufe0f\" width=\"16\" height=\"16\"><\/span><span class=\"x3nfvp2 x1j61x8r x1fcty0u xdj266r xhhsvwb xat24cr xgzva0m xxymvpz xlup9mm x1kky2od\"><img loading=\"lazy\" decoding=\"async\" class=\"xz74otr\" src=\"https:\/\/static.xx.fbcdn.net\/images\/emoji.php\/v9\/tba\/2\/16\/1f9f0.png\" alt=\"????\" width=\"16\" height=\"16\"><\/span>[\/vc_column_text][vc_column_text css=&#8221;&#8221; css_params=&#8221;&#8221;]<img loading=\"lazy\" decoding=\"async\" class=\"alignnone wp-image-1468\" src=\"https:\/\/bajamorocco.com\/wp-content\/uploads\/2021\/05\/Facebook-logo-300x188.png\" alt=\"\" width=\"75\" height=\"47\"><img loading=\"lazy\" decoding=\"async\" class=\"alignnone wp-image-1474\" src=\"https:\/\/bajamorocco.com\/wp-content\/uploads\/2021\/05\/insta-300x300.png\" alt=\"\" width=\"47\" height=\"47\"> <img loading=\"lazy\" decoding=\"async\" class=\"alignnone wp-image-1484 size-full\" src=\"https:\/\/bajamorocco.com\/wp-content\/uploads\/2021\/05\/youtube_logo_47_47.png\" alt=\"\" width=\"47\" height=\"47\">[\/vc_column_text][\/vc_column][\/vc_row][vc_row][vc_column][vc_separator color=&#8221;custom&#8221; border_width=&#8221;5&#8243; style=&#8221;solid&#8221; accent_color=&#8221;#ec6c04&#8243;][\/vc_column][\/vc_row][vc_row][vc_column width=&#8221;1\/2&#8243;][vc_single_image image=&#8221;4128&#8243; img_size=&#8221;Medium&#8221; alignment=&#8221;center&#8221;][vc_gallery type=&#8221;image_grid&#8221; images=&#8221;4120,4118,4114&#8243; img_size=&#8221;medium&#8221; onclick=&#8221;&#8221;][\/vc_column][vc_column width=&#8221;1\/2&#8243;][vc_custom_heading text=&#8221;QUADWINKEL&#8221; use_theme_fonts=&#8221;yes&#8221; font_weight=&#8221;700&#8243; skin=&#8221;primary&#8221;][vc_column_text]Quadwinkel is specialized in the support of your offroad rally or rally-raid.<\/p>\n<p>We facilitate in parts-supply, full service and the rental of a (Rally) SSV.<\/p>\n<p>With our passionate team and service truck we provide you with the best service, from catering to full-service during an event with your SSV or ATV.<\/p>\n<ul>\n<li>Advice and sales of ATV\u2019s and side by sides<\/li>\n<li>Customization for rally or rally-raid events. From accessories, cages to full FIA vehicles.<\/li>\n<li>Rental of rally side-by-sides<\/li>\n<li>Service and support at any rally or rally-raid.<\/li>\n<li>Own offroad-events in Netherlands, Germany, France, Portugal and Morocco.<\/li>\n<\/ul>\n<p>&nbsp;<\/p>\n<p>Your contact: Meo Jochemsen<\/p>\n<p>Tel: +31\u00a0 342 465739\u00a0 \u00a0 \u00a0 \u00a0 \u00a0 \u00a0Mail : <a href=\"mailto:info@quadwinkel.nl\">info@quadwinkel.nl<\/a>[\/vc_column_text][vc_column_text]<a href=\"https:\/\/www.facebook.com\/quadwinkel.nl\/\" target=\"_blank\" rel=\"noopener\"><img loading=\"lazy\" decoding=\"async\" class=\"alignnone wp-image-1468\" src=\"https:\/\/bajamorocco.com\/wp-content\/uploads\/2021\/05\/Facebook-logo-300x188.png\" alt=\"\" width=\"75\" height=\"47\" \/><\/a><a href=\"https:\/\/www.instagram.com\/quadwinkel\/\" target=\"_blank\" rel=\"noopener\"><img loading=\"lazy\" decoding=\"async\" class=\"alignnone wp-image-1474\" src=\"https:\/\/bajamorocco.com\/wp-content\/uploads\/2021\/05\/insta-300x300.png\" alt=\"\" width=\"47\" height=\"47\" \/><\/a>[\/vc_column_text][\/vc_column][\/vc_row][vc_row][vc_column][vc_separator color=&#8221;custom&#8221; border_width=&#8221;5&#8243; style=&#8221;solid&#8221; accent_color=&#8221;#ec6c04&#8243;][\/vc_column][\/vc_row][vc_row][vc_column width=&#8221;1\/2&#8243;][vc_single_image image=&#8221;2788&#8243; img_size=&#8221;563&#215;402&#8243; alignment=&#8221;center&#8221;][\/vc_column][vc_column width=&#8221;1\/2&#8243;][vc_custom_heading text=&#8221;RM Sport&#8221; use_theme_fonts=&#8221;yes&#8221; font_weight=&#8221;700&#8243; skin=&#8221;primary&#8221;][vc_column_text]Forts de nos 30 ans d\u2019exp\u00e9rience dans la comp\u00e9tition automobile, nous avons, depuis la sortie du Canam X3 en 2017, concentr\u00e9s nos forces sur cette machine extraordinaire !<br \/>\nDe la pr\u00e9paration compl\u00e8te \u00e0 la location all inclusive , nous vous proposons l\u2019un de nos Canam X3 rallye raid.<\/p>\n<p>Sur la 2eme marche du podium lors de la 1\u00e8re \u00e9dition de la Baja SSV Morocco, nous serons encore pr\u00e9sent cette ann\u00e9e pour vous faire d\u00e9couvrir la discipline voir m\u00eame vous accompagn\u00e9 en haut du classement final !<\/p>\n<p>Contactez-nous<br \/>\nManu Castan<br \/>\n+33678786102<br \/>\n<a href=\"mailto:contact@team-rmsport.fr\">contact@team-rmsport.fr<\/a>[\/vc_column_text][vc_column_text]<a href=\"https:\/\/www.facebook.com\/TeamRMsport\" target=\"_blank\" rel=\"noopener\"><img loading=\"lazy\" decoding=\"async\" class=\"alignnone wp-image-1468\" src=\"https:\/\/bajamorocco.com\/wp-content\/uploads\/2021\/05\/Facebook-logo-300x188.png\" alt=\"\" width=\"75\" height=\"47\" \/><\/a><a href=\"https:\/\/www.instagram.com\/teamrmsport\/?hl=en-gb\" target=\"_blank\" rel=\"noopener\"><img loading=\"lazy\" decoding=\"async\" class=\"alignnone wp-image-1474\" src=\"https:\/\/bajamorocco.com\/wp-content\/uploads\/2021\/05\/insta-300x300.png\" alt=\"\" width=\"47\" height=\"47\" \/><\/a> <a href=\"https:\/\/www.youtube.com\/c\/TeamRMSport\" target=\"_blank\" rel=\"noopener\"><img loading=\"lazy\" decoding=\"async\" class=\"alignnone wp-image-1484 size-full\" src=\"https:\/\/bajamorocco.com\/wp-content\/uploads\/2021\/05\/youtube_logo_47_47.png\" alt=\"\" width=\"47\" height=\"47\" \/><\/a>[\/vc_column_text][\/vc_column][\/vc_row][vc_row][vc_column][vc_separator color=&#8221;custom&#8221; border_width=&#8221;5&#8243; style=&#8221;solid&#8221; accent_color=&#8221;#ec6c04&#8243;][\/vc_column][\/vc_row][vc_row][vc_column width=&#8221;1\/2&#8243;][vc_single_image image=&#8221;2758&#8243; img_size=&#8221;563&#215;402&#8243; alignment=&#8221;center&#8221;][\/vc_column][vc_column width=&#8221;1\/2&#8243;][vc_custom_heading text=&#8221;Experaid Merzouga&#8221; use_theme_fonts=&#8221;yes&#8221; font_weight=&#8221;700&#8243; skin=&#8221;primary&#8221;][vc_column_text]Experaid Merzouga, Polaris approved center<\/p>\n<p>Company based in Morocco specialised in buggy and SSV rental for rally and raid.<\/p>\n<p>With our experience in rally raid and with the logistics of the representative of Polaris Morocco, we offer you efficient and quality assistance.<\/p>\n<p>Experaid Merzouga helps you to create your project, accompanies you to realize it and makes you live the experience of the rally raid. Do not hesitate to ask us for a quote.<\/p>\n<p>Your contact: Eric Menardo<\/p>\n<p>Tel: +33628189158\u00a0 \u00a0 \u00a0 \u00a0 \u00a0 \u00a0Mail : <a href=\"mailto:contact@experaidmerzouga.com\">contact@experaidmerzouga.com<\/a>[\/vc_column_text][vc_column_text]<a href=\"https:\/\/www.facebook.com\/experaidmerzouga\" target=\"_blank\" rel=\"noopener\"><img loading=\"lazy\" decoding=\"async\" class=\"alignnone wp-image-1468\" src=\"https:\/\/bajamorocco.com\/wp-content\/uploads\/2021\/05\/Facebook-logo-300x188.png\" alt=\"\" width=\"75\" height=\"47\" \/><\/a><a href=\"https:\/\/www.instagram.com\/experaid_\/\" target=\"_blank\" rel=\"noopener\"><img loading=\"lazy\" decoding=\"async\" class=\"alignnone wp-image-1474\" src=\"https:\/\/bajamorocco.com\/wp-content\/uploads\/2021\/05\/insta-300x300.png\" alt=\"\" width=\"47\" height=\"47\" \/><\/a>[\/vc_column_text][\/vc_column][\/vc_row]<\/p>\n<\/div>","protected":false},"excerpt":{"rendered":"<p>[vc_row][vc_column width=&#8221;1\/2&#8243;][vc_single_image image=&#8221;2872&#8243; img_size=&#8221;large&#8221; alignment=&#8221;center&#8221;][vc_gallery type=&#8221;image_grid&#8221; images=&#8221;2290,2286&#8243; img_size=&#8221;medium&#8221; onclick=&#8221;&#8221;][\/vc_column][vc_column width=&#8221;1\/2&#8243;][vc_custom_heading text=&#8221;SOLURENT&#8221; use_theme_fonts=&#8221;yes&#8221; font_weight=&#8221;700&#8243; skin=&#8221;primary&#8221;][vc_column_text]Toujours pr\u00e9sent sur la Baja SSV Morocco et aussi le Carta Rallye. Fort de notre exp\u00e9rience dans le milieu du rallye raid toute cat\u00e9gorie depuis un certain nombre d\u2019ann\u00e9e, nous vous proposons nos service de transport et gestion logistique, de votre mat\u00e9riel [&hellip;]<\/p>\n","protected":false},"author":1,"featured_media":0,"parent":0,"menu_order":0,"comment_status":"closed","ping_status":"closed","template":"","meta":{"pgc_sgb_lightbox_settings":"","footnotes":""},"class_list":["post-1401","page","type-page","status-publish","hentry"],"_links":{"self":[{"href":"https:\/\/bajamorocco.com\/index.php\/wp-json\/wp\/v2\/pages\/1401","targetHints":{"allow":["GET"]}}],"collection":[{"href":"https:\/\/bajamorocco.com\/index.php\/wp-json\/wp\/v2\/pages"}],"about":[{"href":"https:\/\/bajamorocco.com\/index.php\/wp-json\/wp\/v2\/types\/page"}],"author":[{"embeddable":true,"href":"https:\/\/bajamorocco.com\/index.php\/wp-json\/wp\/v2\/users\/1"}],"replies":[{"embeddable":true,"href":"https:\/\/bajamorocco.com\/index.php\/wp-json\/wp\/v2\/comments?post=1401"}],"version-history":[{"count":33,"href":"https:\/\/bajamorocco.com\/index.php\/wp-json\/wp\/v2\/pages\/1401\/revisions"}],"predecessor-version":[{"id":11807,"href":"https:\/\/bajamorocco.com\/index.php\/wp-json\/wp\/v2\/pages\/1401\/revisions\/11807"}],"wp:attachment":[{"href":"https:\/\/bajamorocco.com\/index.php\/wp-json\/wp\/v2\/media?parent=1401"}],"curies":[{"name":"wp","href":"https:\/\/api.w.org\/{rel}","templated":true}]}}