{"id":621,"date":"2021-04-25T17:18:32","date_gmt":"2021-04-25T17:18:32","guid":{"rendered":"http:\/\/bajamorocco.com\/index.php\/securite\/"},"modified":"2021-06-21T16:39:55","modified_gmt":"2021-06-21T15:39:55","slug":"securite","status":"publish","type":"page","link":"https:\/\/bajamorocco.com\/fr\/index.php\/securite\/","title":{"rendered":"Sant\u00e9 et s\u00e9curit\u00e9"},"content":{"rendered":"<div class=\"wpb-content-wrapper\"><p>[vc_row][vc_column][vc_column_text]<strong><span style=\"font-size: 20px; color: #ec6c04;\">Pand\u00e9mie Covid<\/span><\/strong><\/p>\n<ul>\n<li><span style=\"font-size: 20px; color: #f0f0f0;\">Tous les participants devront pr\u00e9senter un test Covid datant de moins de 72 heures <\/span><\/li>\n<li><span style=\"font-size: 20px; color: #f0f0f0;\">Nos \u00e9quipes m\u00e9dicales feront des tests de flux lat\u00e9ral sur tous les participants \u00e0 leurs arriv\u00e9es au bivouac<\/span><\/li>\n<li><span style=\"font-size: 20px; color: #f0f0f0;\">Nous proposerons \u00e9galement des tests Covid 24h avant la fin de l&#8217;\u00e9v\u00e9nement si n\u00e9cessaire<\/span><\/li>\n<li><span style=\"font-size: 20px; color: #f0f0f0;\">Protocole sanitaire strict conforme aux directives du gouvernement marocain<\/span><\/li>\n<li><span style=\"font-size: 20px; color: #f0f0f0;\">Directives et proc\u00e9dures sanitaires suppl\u00e9mentaires des organisateurs<\/span><\/li>\n<\/ul>\n<p><strong><span style=\"font-size: 20px; color: #ec6c04;\">S\u00e9curit\u00e9 et plan m\u00e9dical<\/span><\/strong><\/p>\n<ul>\n<li><span style=\"font-size: 20px; color: #f0f0f0;\">Syst\u00e8me de course Stella III Evo dans chaque v\u00e9hicule<\/span><\/li>\n<li><span style=\"font-size: 20px; color: #f0f0f0;\">Equipe de m\u00e9decins urgentistes\u00a0<\/span><\/li>\n<li><span style=\"font-size: 20px; color: #f0f0f0;\">Deux ambulances 4&#215;4<\/span><\/li>\n<li><span style=\"font-size: 20px; color: #f0f0f0;\">Une ambulance Polaris Ranger<\/span><\/li>\n<li><span style=\"font-size: 20px; color: #f0f0f0;\">Une ambulance routi\u00e8re<\/span><\/li>\n<li><span style=\"font-size: 20px; color: #f0f0f0;\">2 camions balais (retour au bivouac)<\/span><\/li>\n<li><span style=\"font-size: 20px; color: #f0f0f0;\">Collaboration avec les autorit\u00e9s marocaines pour tous Les aspects de s\u00e9curit\u00e9<\/span><\/li>\n<li style=\"list-style-type: none;\"><\/li>\n<\/ul>\n<p>[\/vc_column_text][\/vc_column][\/vc_row]<\/p>\n<\/div>","protected":false},"excerpt":{"rendered":"<p>[vc_row][vc_column][vc_column_text]Pand\u00e9mie Covid Tous les participants devront pr\u00e9senter un test Covid datant de moins de 72 heures Nos \u00e9quipes m\u00e9dicales feront des tests de flux lat\u00e9ral sur tous les participants \u00e0 leurs arriv\u00e9es au bivouac Nous proposerons \u00e9galement des tests Covid 24h avant la fin de l&#8217;\u00e9v\u00e9nement si n\u00e9cessaire Protocole sanitaire strict conforme aux directives du [&hellip;]<\/p>\n","protected":false},"author":1,"featured_media":0,"parent":0,"menu_order":0,"comment_status":"closed","ping_status":"closed","template":"","meta":{"pgc_sgb_lightbox_settings":"","footnotes":""},"class_list":["post-621","page","type-page","status-publish","hentry"],"_links":{"self":[{"href":"https:\/\/bajamorocco.com\/fr\/index.php\/wp-json\/wp\/v2\/pages\/621","targetHints":{"allow":["GET"]}}],"collection":[{"href":"https:\/\/bajamorocco.com\/fr\/index.php\/wp-json\/wp\/v2\/pages"}],"about":[{"href":"https:\/\/bajamorocco.com\/fr\/index.php\/wp-json\/wp\/v2\/types\/page"}],"author":[{"embeddable":true,"href":"https:\/\/bajamorocco.com\/fr\/index.php\/wp-json\/wp\/v2\/users\/1"}],"replies":[{"embeddable":true,"href":"https:\/\/bajamorocco.com\/fr\/index.php\/wp-json\/wp\/v2\/comments?post=621"}],"version-history":[{"count":0,"href":"https:\/\/bajamorocco.com\/fr\/index.php\/wp-json\/wp\/v2\/pages\/621\/revisions"}],"wp:attachment":[{"href":"https:\/\/bajamorocco.com\/fr\/index.php\/wp-json\/wp\/v2\/media?parent=621"}],"curies":[{"name":"wp","href":"https:\/\/api.w.org\/{rel}","templated":true}]}}