{"id":613,"date":"2021-04-25T17:16:24","date_gmt":"2021-04-25T17:16:24","guid":{"rendered":"http:\/\/bajamorocco.com\/index.php\/downloads\/"},"modified":"2025-08-26T16:46:01","modified_gmt":"2025-08-26T15:46:01","slug":"downloads","status":"publish","type":"page","link":"https:\/\/bajamorocco.com\/fr\/index.php\/downloads\/","title":{"rendered":"T\u00e9l\u00e9chargements"},"content":{"rendered":"<div class=\"wpb-content-wrapper\"><p>[vc_row][vc_column][vc_btn title=&#8221;R\u00e8glement sportif g\u00e9n\u00e9ral (pdf)&#8221; shape=&#8221;rounded&#8221; size=&#8221;xl&#8221; align=&#8221;center&#8221; skin=&#8221;primary&#8221; button_block=&#8221;true&#8221; link=&#8221;url:https%3A%2F%2Fbajamorocco.com%2Fwp-content%2Fuploads%2F2025%2F08%2Freglement-general-2025.pdf|title:Mandatory%20equipment|target:_blank&#8221; css_params=&#8221;&#8221;][vc_btn title=&#8221;R\u00e8glement technique SSV (pdf)&#8221; shape=&#8221;rounded&#8221; size=&#8221;xl&#8221; align=&#8221;center&#8221; skin=&#8221;primary&#8221; button_block=&#8221;true&#8221; link=&#8221;url:https%3A%2F%2Fbajamorocco.com%2Fwp-content%2Fuploads%2F2025%2F08%2Freglement-technique-ssv-baja-morocco-2025.pdf|title:Mandatory%20equipment|target:_blank&#8221; css_params=&#8221;&#8221;][vc_btn title=&#8221;R\u00e8glement technique motos\/quads (pdf)&#8221; shape=&#8221;rounded&#8221; size=&#8221;xl&#8221; align=&#8221;center&#8221; skin=&#8221;primary&#8221; button_block=&#8221;true&#8221; link=&#8221;url:https%3A%2F%2Fbajamorocco.com%2Fwp-content%2Fuploads%2F2025%2F08%2Freglement-technique-moto-quad-baja-2025.pdf|title:Mandatory%20equipment|target:_blank&#8221; css_params=&#8221;&#8221;][vc_btn title=&#8221;R\u00e8glement technique autos (pdf)&#8221; shape=&#8221;rounded&#8221; size=&#8221;xl&#8221; align=&#8221;center&#8221; skin=&#8221;primary&#8221; button_block=&#8221;true&#8221; link=&#8221;url:https%3A%2F%2Fbajamorocco.com%2Fwp-content%2Fuploads%2F2025%2F08%2Freglement-technique-auto-baja-2025.pdf|title:Mandatory%20equipment|target:_blank&#8221; css_params=&#8221;&#8221;][\/vc_column][\/vc_row]<\/p>\n<\/div>","protected":false},"excerpt":{"rendered":"<p>[vc_row][vc_column][vc_btn title=&#8221;R\u00e8glement sportif g\u00e9n\u00e9ral (pdf)&#8221; shape=&#8221;rounded&#8221; size=&#8221;xl&#8221; align=&#8221;center&#8221; skin=&#8221;primary&#8221; button_block=&#8221;true&#8221; link=&#8221;url:https%3A%2F%2Fbajamorocco.com%2Fwp-content%2Fuploads%2F2025%2F08%2Freglement-general-2025.pdf|title:Mandatory%20equipment|target:_blank&#8221; css_params=&#8221;&#8221;][vc_btn title=&#8221;R\u00e8glement technique SSV (pdf)&#8221; shape=&#8221;rounded&#8221; size=&#8221;xl&#8221; align=&#8221;center&#8221; skin=&#8221;primary&#8221; button_block=&#8221;true&#8221; link=&#8221;url:https%3A%2F%2Fbajamorocco.com%2Fwp-content%2Fuploads%2F2025%2F08%2Freglement-technique-ssv-baja-morocco-2025.pdf|title:Mandatory%20equipment|target:_blank&#8221; css_params=&#8221;&#8221;][vc_btn title=&#8221;R\u00e8glement technique motos\/quads (pdf)&#8221; shape=&#8221;rounded&#8221; size=&#8221;xl&#8221; align=&#8221;center&#8221; skin=&#8221;primary&#8221; button_block=&#8221;true&#8221; link=&#8221;url:https%3A%2F%2Fbajamorocco.com%2Fwp-content%2Fuploads%2F2025%2F08%2Freglement-technique-moto-quad-baja-2025.pdf|title:Mandatory%20equipment|target:_blank&#8221; css_params=&#8221;&#8221;][vc_btn title=&#8221;R\u00e8glement technique autos (pdf)&#8221; shape=&#8221;rounded&#8221; size=&#8221;xl&#8221; align=&#8221;center&#8221; skin=&#8221;primary&#8221; button_block=&#8221;true&#8221; link=&#8221;url:https%3A%2F%2Fbajamorocco.com%2Fwp-content%2Fuploads%2F2025%2F08%2Freglement-technique-auto-baja-2025.pdf|title:Mandatory%20equipment|target:_blank&#8221; css_params=&#8221;&#8221;][\/vc_column][\/vc_row]<\/p>\n","protected":false},"author":1,"featured_media":0,"parent":0,"menu_order":0,"comment_status":"closed","ping_status":"closed","template":"","meta":{"pgc_sgb_lightbox_settings":"","footnotes":""},"class_list":["post-613","page","type-page","status-publish","hentry"],"_links":{"self":[{"href":"https:\/\/bajamorocco.com\/fr\/index.php\/wp-json\/wp\/v2\/pages\/613","targetHints":{"allow":["GET"]}}],"collection":[{"href":"https:\/\/bajamorocco.com\/fr\/index.php\/wp-json\/wp\/v2\/pages"}],"about":[{"href":"https:\/\/bajamorocco.com\/fr\/index.php\/wp-json\/wp\/v2\/types\/page"}],"author":[{"embeddable":true,"href":"https:\/\/bajamorocco.com\/fr\/index.php\/wp-json\/wp\/v2\/users\/1"}],"replies":[{"embeddable":true,"href":"https:\/\/bajamorocco.com\/fr\/index.php\/wp-json\/wp\/v2\/comments?post=613"}],"version-history":[{"count":19,"href":"https:\/\/bajamorocco.com\/fr\/index.php\/wp-json\/wp\/v2\/pages\/613\/revisions"}],"predecessor-version":[{"id":11157,"href":"https:\/\/bajamorocco.com\/fr\/index.php\/wp-json\/wp\/v2\/pages\/613\/revisions\/11157"}],"wp:attachment":[{"href":"https:\/\/bajamorocco.com\/fr\/index.php\/wp-json\/wp\/v2\/media?parent=613"}],"curies":[{"name":"wp","href":"https:\/\/api.w.org\/{rel}","templated":true}]}}