{"id":606,"date":"2021-04-25T17:14:55","date_gmt":"2021-04-25T17:14:55","guid":{"rendered":"http:\/\/bajamorocco.com\/?page_id=606"},"modified":"2021-04-27T11:42:27","modified_gmt":"2021-04-27T11:42:27","slug":"mandatory-equipment","status":"publish","type":"page","link":"https:\/\/bajamorocco.com\/fr\/index.php\/mandatory-equipment\/","title":{"rendered":"\u00c9quipement obligatoire"},"content":{"rendered":"<div class=\"wpb-content-wrapper\"><p>[vc_row][vc_column][vc_custom_heading text=&#8221;\u00c9quipement obligatoire pour tous les v\u00e9hicules:&#8221; use_theme_fonts=&#8221;yes&#8221;][\/vc_column][\/vc_row][vc_row][vc_column width=&#8221;2\/3&#8243;][vc_column_text]<\/p>\n<ul>\n<li>Harnais (4 points) et baquets conseilles<\/li>\n<li>Casques, Gants, (Norme ECE-DOT ) pour pilote et co-pilote<\/li>\n<li>Filet de fen\u00eatre des portes avant pour pilote et co-pilote<\/li>\n<li>GPS (cartographie vivement conseille)<\/li>\n<li>Cl\u00e9 USB<\/li>\n<li>T\u00e9l\u00e9phone portable<\/li>\n<li>2 plaques \u00e0 sable<\/li>\n<li>1 pelle<\/li>\n<li>2 sangles (2 tonnes\/9m) avec manilles<\/li>\n<li>2 x crochets de remorquage (1 avant et 1 arri\u00e8re marque en rouge)<\/li>\n<li>6 litres d\u2019eau potable<\/li>\n<li>R\u00e9servoir carburant avec 120 kms<\/li>\n<li>1 roue de secours<\/li>\n<li>Triangle de d\u00e9tresse<\/li>\n<li>2 X Gilets fluo<\/li>\n<li>Kit premier soins avec couverture de survie (x2)<\/li>\n<li>Extincteur (2 kg minimum) accessible facilement par pilote et co-pilote<\/li>\n<li>2 fus\u00e9es de d\u00e9tresse<\/li>\n<\/ul>\n<p>&nbsp;<\/p>\n<p>Toutes les pi\u00e8ces dans le v\u00e9hicule doivent avoir \u00e9t\u00e9 fermement fix\u00e9es pour qu&#8217;elles ne repr\u00e9sentent aucun danger pour les passagers ou les spectateurs.<\/p>\n<p>Le port du casque, ceinture ou harnais sont obligatoires.<\/p>\n<p>Tout concurrent ne pouvant pr\u00e9senter au d\u00e9part d\u2019une \u00e9tape l\u2019ensemble de ses \u00e9quipements se verra refuser le d\u00e9part jusqu\u2019\u00e0 sa conformit\u00e9.<\/p>\n<p><strong>Equipement recommand\u00e9<\/strong><\/p>\n<p>Eclairage suffisant , lampe de lecture, lampe de poche, miroir de poche,<\/p>\n<p><strong>Equipement interdit<\/strong><\/p>\n<p>Bidons de carburant.<\/p>\n<p>[\/vc_column_text][\/vc_column][vc_column width=&#8221;1\/3&#8243;][\/vc_column][\/vc_row]<\/p>\n<\/div>","protected":false},"excerpt":{"rendered":"<p>[vc_row][vc_column][vc_custom_heading text=&#8221;\u00c9quipement obligatoire pour tous les v\u00e9hicules:&#8221; use_theme_fonts=&#8221;yes&#8221;][\/vc_column][\/vc_row][vc_row][vc_column width=&#8221;2\/3&#8243;][vc_column_text] Harnais (4 points) et baquets conseilles Casques, Gants, (Norme ECE-DOT ) pour pilote et co-pilote Filet de fen\u00eatre des portes avant pour pilote et co-pilote GPS (cartographie vivement conseille) Cl\u00e9 USB T\u00e9l\u00e9phone portable 2 plaques \u00e0 sable 1 pelle 2 sangles (2 tonnes\/9m) avec manilles 2 [&hellip;]<\/p>\n","protected":false},"author":1,"featured_media":0,"parent":0,"menu_order":0,"comment_status":"closed","ping_status":"closed","template":"","meta":{"pgc_sgb_lightbox_settings":"","footnotes":""},"class_list":["post-606","page","type-page","status-publish","hentry"],"_links":{"self":[{"href":"https:\/\/bajamorocco.com\/fr\/index.php\/wp-json\/wp\/v2\/pages\/606","targetHints":{"allow":["GET"]}}],"collection":[{"href":"https:\/\/bajamorocco.com\/fr\/index.php\/wp-json\/wp\/v2\/pages"}],"about":[{"href":"https:\/\/bajamorocco.com\/fr\/index.php\/wp-json\/wp\/v2\/types\/page"}],"author":[{"embeddable":true,"href":"https:\/\/bajamorocco.com\/fr\/index.php\/wp-json\/wp\/v2\/users\/1"}],"replies":[{"embeddable":true,"href":"https:\/\/bajamorocco.com\/fr\/index.php\/wp-json\/wp\/v2\/comments?post=606"}],"version-history":[{"count":0,"href":"https:\/\/bajamorocco.com\/fr\/index.php\/wp-json\/wp\/v2\/pages\/606\/revisions"}],"wp:attachment":[{"href":"https:\/\/bajamorocco.com\/fr\/index.php\/wp-json\/wp\/v2\/media?parent=606"}],"curies":[{"name":"wp","href":"https:\/\/api.w.org\/{rel}","templated":true}]}}