{"id":5326,"date":"2025-05-01T14:55:07","date_gmt":"2025-05-01T13:55:07","guid":{"rendered":"http:\/\/bajamorocco.com\/index.php\/gallery\/baja-morocco-2023\/videos-de-la-baja-maroc-2023\/"},"modified":"2025-05-03T22:42:41","modified_gmt":"2025-05-03T21:42:41","slug":"videos-de-la-baja-maroc-2023","status":"publish","type":"page","link":"https:\/\/bajamorocco.com\/fr\/index.php\/gallery\/baja-morocco-2023\/videos-de-la-baja-maroc-2023\/","title":{"rendered":"Vid\u00e9os de la Baja Maroc 2023"},"content":{"rendered":"<div class=\"wpb-content-wrapper\"><p>[vc_row][vc_column width=&#8221;2\/3&#8243;][vc_video link=&#8221;https:\/\/www.youtube.com\/shorts\/M70OIBK17Ls&#8221; css=&#8221;&#8221; css_params=&#8221;&#8221;][\/vc_column][vc_column width=&#8221;1\/3&#8243;][vc_single_image image=&#8221;6628&#8243; img_size=&#8221;full&#8221; onclick=&#8221;custom_link&#8221; css=&#8221;&#8221; title=&#8221;Entretiens&#8221; link=&#8221;https:\/\/bajamorocco.com\/fr\/index.php\/baja-morocco-2023-video-interviews\/&#8221; css_params=&#8221;&#8221;][vc_single_image image=&#8221;6712&#8243; img_size=&#8221;full&#8221; onclick=&#8221;custom_link&#8221; css=&#8221;&#8221; title=&#8221;Extraits quotidiens&#8221; link=&#8221;https:\/\/bajamorocco.com\/fr\/index.php\/baja-morocco-2023-daily-clips\/&#8221; css_params=&#8221;&#8221;][vc_single_image image=&#8221;6808&#8243; img_size=&#8221;full&#8221; onclick=&#8221;custom_link&#8221; css=&#8221;&#8221; title=&#8221;Vid\u00e9os g\u00e9n\u00e9rales&#8221; link=&#8221;https:\/\/bajamorocco.com\/fr\/index.php\/baja-morocco-2024-general-videos\/&#8221; css_params=&#8221;&#8221;][\/vc_column][\/vc_row]<\/p>\n<\/div>","protected":false},"excerpt":{"rendered":"<p>[vc_row][vc_column width=&#8221;2\/3&#8243;][vc_video link=&#8221;https:\/\/www.youtube.com\/shorts\/M70OIBK17Ls&#8221; css=&#8221;&#8221; css_params=&#8221;&#8221;][\/vc_column][vc_column width=&#8221;1\/3&#8243;][vc_single_image image=&#8221;6628&#8243; img_size=&#8221;full&#8221; onclick=&#8221;custom_link&#8221; css=&#8221;&#8221; title=&#8221;Entretiens&#8221; link=&#8221;https:\/\/bajamorocco.com\/fr\/index.php\/baja-morocco-2023-video-interviews\/&#8221; css_params=&#8221;&#8221;][vc_single_image image=&#8221;6712&#8243; img_size=&#8221;full&#8221; onclick=&#8221;custom_link&#8221; css=&#8221;&#8221; title=&#8221;Extraits quotidiens&#8221; link=&#8221;https:\/\/bajamorocco.com\/fr\/index.php\/baja-morocco-2023-daily-clips\/&#8221; css_params=&#8221;&#8221;][vc_single_image image=&#8221;6808&#8243; img_size=&#8221;full&#8221; onclick=&#8221;custom_link&#8221; css=&#8221;&#8221; title=&#8221;Vid\u00e9os g\u00e9n\u00e9rales&#8221; link=&#8221;https:\/\/bajamorocco.com\/fr\/index.php\/baja-morocco-2024-general-videos\/&#8221; css_params=&#8221;&#8221;][\/vc_column][\/vc_row]<\/p>\n","protected":false},"author":1,"featured_media":0,"parent":5324,"menu_order":0,"comment_status":"closed","ping_status":"closed","template":"","meta":{"pgc_sgb_lightbox_settings":"","footnotes":""},"class_list":["post-5326","page","type-page","status-publish","hentry"],"_links":{"self":[{"href":"https:\/\/bajamorocco.com\/fr\/index.php\/wp-json\/wp\/v2\/pages\/5326","targetHints":{"allow":["GET"]}}],"collection":[{"href":"https:\/\/bajamorocco.com\/fr\/index.php\/wp-json\/wp\/v2\/pages"}],"about":[{"href":"https:\/\/bajamorocco.com\/fr\/index.php\/wp-json\/wp\/v2\/types\/page"}],"author":[{"embeddable":true,"href":"https:\/\/bajamorocco.com\/fr\/index.php\/wp-json\/wp\/v2\/users\/1"}],"replies":[{"embeddable":true,"href":"https:\/\/bajamorocco.com\/fr\/index.php\/wp-json\/wp\/v2\/comments?post=5326"}],"version-history":[{"count":7,"href":"https:\/\/bajamorocco.com\/fr\/index.php\/wp-json\/wp\/v2\/pages\/5326\/revisions"}],"predecessor-version":[{"id":7315,"href":"https:\/\/bajamorocco.com\/fr\/index.php\/wp-json\/wp\/v2\/pages\/5326\/revisions\/7315"}],"up":[{"embeddable":true,"href":"https:\/\/bajamorocco.com\/fr\/index.php\/wp-json\/wp\/v2\/pages\/5324"}],"wp:attachment":[{"href":"https:\/\/bajamorocco.com\/fr\/index.php\/wp-json\/wp\/v2\/media?parent=5326"}],"curies":[{"name":"wp","href":"https:\/\/api.w.org\/{rel}","templated":true}]}}