{"id":5320,"date":"2025-05-01T14:52:37","date_gmt":"2025-05-01T13:52:37","guid":{"rendered":"http:\/\/bajamorocco.com\/index.php\/gallery\/baja-morocco-2022\/videos-de-la-baja-maroc-2022\/"},"modified":"2025-05-04T11:48:27","modified_gmt":"2025-05-04T10:48:27","slug":"videos-de-la-baja-maroc-2022","status":"publish","type":"page","link":"https:\/\/bajamorocco.com\/fr\/index.php\/gallery\/baja-morocco-2022\/videos-de-la-baja-maroc-2022\/","title":{"rendered":"Vid\u00e9os de la Baja Maroc 2022"},"content":{"rendered":"<div class=\"wpb-content-wrapper\"><p>[vc_row][vc_column width=&#8221;2\/3&#8243;][vc_video link=&#8221;https:\/\/www.youtube.com\/watch?v=zAixjqNTxAA&#8221; css=&#8221;&#8221; css_params=&#8221;&#8221;][\/vc_column][vc_column width=&#8221;1\/3&#8243;][vc_single_image image=&#8221;8114&#8243; img_size=&#8221;full&#8221; onclick=&#8221;custom_link&#8221; css=&#8221;&#8221; title=&#8221;Extraits quotidiens&#8221; link=&#8221;https:\/\/bajamorocco.com\/fr\/index.php\/baja-morocco-2022-daily-clips\/&#8221; label=&#8221;&#8221; css_params=&#8221;&#8221;][vc_single_image image=&#8221;8034&#8243; img_size=&#8221;full&#8221; onclick=&#8221;custom_link&#8221; css=&#8221;&#8221; title=&#8221;Entretiens&#8221; link=&#8221;https:\/\/bajamorocco.com\/fr\/index.php\/gallery\/baja-morocco-2022\/baja-morocco-2022-video-interviews\/&#8221; label=&#8221;&#8221; css_params=&#8221;&#8221;][vc_single_image image=&#8221;7806&#8243; img_size=&#8221;full&#8221; onclick=&#8221;custom_link&#8221; css=&#8221;&#8221; title=&#8221;Vid\u00e9os g\u00e9n\u00e9rales&#8221; link=&#8221;https:\/\/bajamorocco.com\/fr\/index.php\/gallery\/baja-morocco-2022\/baja-morocco-2022-videos\/baja-morocco-2022-general-videos\/&#8221; label=&#8221;&#8221; css_params=&#8221;&#8221;][\/vc_column][\/vc_row]<\/p>\n<\/div>","protected":false},"excerpt":{"rendered":"<p>[vc_row][vc_column width=&#8221;2\/3&#8243;][vc_video link=&#8221;https:\/\/www.youtube.com\/watch?v=zAixjqNTxAA&#8221; css=&#8221;&#8221; css_params=&#8221;&#8221;][\/vc_column][vc_column width=&#8221;1\/3&#8243;][vc_single_image image=&#8221;8114&#8243; img_size=&#8221;full&#8221; onclick=&#8221;custom_link&#8221; css=&#8221;&#8221; title=&#8221;Extraits quotidiens&#8221; link=&#8221;https:\/\/bajamorocco.com\/fr\/index.php\/baja-morocco-2022-daily-clips\/&#8221; label=&#8221;&#8221; css_params=&#8221;&#8221;][vc_single_image image=&#8221;8034&#8243; img_size=&#8221;full&#8221; onclick=&#8221;custom_link&#8221; css=&#8221;&#8221; title=&#8221;Entretiens&#8221; link=&#8221;https:\/\/bajamorocco.com\/fr\/index.php\/gallery\/baja-morocco-2022\/baja-morocco-2022-video-interviews\/&#8221; label=&#8221;&#8221; css_params=&#8221;&#8221;][vc_single_image image=&#8221;7806&#8243; img_size=&#8221;full&#8221; onclick=&#8221;custom_link&#8221; css=&#8221;&#8221; title=&#8221;Vid\u00e9os g\u00e9n\u00e9rales&#8221; link=&#8221;https:\/\/bajamorocco.com\/fr\/index.php\/gallery\/baja-morocco-2022\/baja-morocco-2022-videos\/baja-morocco-2022-general-videos\/&#8221; label=&#8221;&#8221; css_params=&#8221;&#8221;][\/vc_column][\/vc_row]<\/p>\n","protected":false},"author":1,"featured_media":0,"parent":5318,"menu_order":0,"comment_status":"closed","ping_status":"closed","template":"","meta":{"pgc_sgb_lightbox_settings":"","footnotes":""},"class_list":["post-5320","page","type-page","status-publish","hentry"],"_links":{"self":[{"href":"https:\/\/bajamorocco.com\/fr\/index.php\/wp-json\/wp\/v2\/pages\/5320","targetHints":{"allow":["GET"]}}],"collection":[{"href":"https:\/\/bajamorocco.com\/fr\/index.php\/wp-json\/wp\/v2\/pages"}],"about":[{"href":"https:\/\/bajamorocco.com\/fr\/index.php\/wp-json\/wp\/v2\/types\/page"}],"author":[{"embeddable":true,"href":"https:\/\/bajamorocco.com\/fr\/index.php\/wp-json\/wp\/v2\/users\/1"}],"replies":[{"embeddable":true,"href":"https:\/\/bajamorocco.com\/fr\/index.php\/wp-json\/wp\/v2\/comments?post=5320"}],"version-history":[{"count":4,"href":"https:\/\/bajamorocco.com\/fr\/index.php\/wp-json\/wp\/v2\/pages\/5320\/revisions"}],"predecessor-version":[{"id":8125,"href":"https:\/\/bajamorocco.com\/fr\/index.php\/wp-json\/wp\/v2\/pages\/5320\/revisions\/8125"}],"up":[{"embeddable":true,"href":"https:\/\/bajamorocco.com\/fr\/index.php\/wp-json\/wp\/v2\/pages\/5318"}],"wp:attachment":[{"href":"https:\/\/bajamorocco.com\/fr\/index.php\/wp-json\/wp\/v2\/media?parent=5320"}],"curies":[{"name":"wp","href":"https:\/\/api.w.org\/{rel}","templated":true}]}}