{"id":5315,"date":"2025-05-01T14:49:43","date_gmt":"2025-05-01T13:49:43","guid":{"rendered":"http:\/\/bajamorocco.com\/index.php\/gallery\/baja-morocco-2021\/videos-de-la-baja-morocco-2021\/videos-generales-de-la-baja-morocco-2021\/"},"modified":"2025-05-01T14:49:43","modified_gmt":"2025-05-01T13:49:43","slug":"videos-generales-de-la-baja-morocco-2021","status":"publish","type":"page","link":"https:\/\/bajamorocco.com\/fr\/index.php\/gallery\/baja-morocco-2021\/videos-de-la-baja-morocco-2021\/videos-generales-de-la-baja-morocco-2021\/","title":{"rendered":"Vid\u00e9os g\u00e9n\u00e9rales de la Baja Morocco 2021"},"content":{"rendered":"<div class=\"wpb-content-wrapper\"><p>[vc_row][vc_column width=&#8221;1\/2&#8243;][vc_video link=&#8221;https:\/\/youtu.be\/Glk_HtlvImE&#8221;][\/vc_column][vc_column width=&#8221;1\/2&#8243;][vc_video link=&#8221;https:\/\/youtu.be\/AeSAu2ZIpOY&#8221;][\/vc_column][\/vc_row]<\/p>\n<\/div>","protected":false},"excerpt":{"rendered":"<p>[vc_row][vc_column width=&#8221;1\/2&#8243;][vc_video link=&#8221;https:\/\/youtu.be\/Glk_HtlvImE&#8221;][\/vc_column][vc_column width=&#8221;1\/2&#8243;][vc_video link=&#8221;https:\/\/youtu.be\/AeSAu2ZIpOY&#8221;][\/vc_column][\/vc_row]<\/p>\n","protected":false},"author":1,"featured_media":0,"parent":5312,"menu_order":0,"comment_status":"closed","ping_status":"closed","template":"","meta":{"pgc_sgb_lightbox_settings":"","footnotes":""},"class_list":["post-5315","page","type-page","status-publish","hentry"],"_links":{"self":[{"href":"https:\/\/bajamorocco.com\/fr\/index.php\/wp-json\/wp\/v2\/pages\/5315","targetHints":{"allow":["GET"]}}],"collection":[{"href":"https:\/\/bajamorocco.com\/fr\/index.php\/wp-json\/wp\/v2\/pages"}],"about":[{"href":"https:\/\/bajamorocco.com\/fr\/index.php\/wp-json\/wp\/v2\/types\/page"}],"author":[{"embeddable":true,"href":"https:\/\/bajamorocco.com\/fr\/index.php\/wp-json\/wp\/v2\/users\/1"}],"replies":[{"embeddable":true,"href":"https:\/\/bajamorocco.com\/fr\/index.php\/wp-json\/wp\/v2\/comments?post=5315"}],"version-history":[{"count":0,"href":"https:\/\/bajamorocco.com\/fr\/index.php\/wp-json\/wp\/v2\/pages\/5315\/revisions"}],"up":[{"embeddable":true,"href":"https:\/\/bajamorocco.com\/fr\/index.php\/wp-json\/wp\/v2\/pages\/5312"}],"wp:attachment":[{"href":"https:\/\/bajamorocco.com\/fr\/index.php\/wp-json\/wp\/v2\/media?parent=5315"}],"curies":[{"name":"wp","href":"https:\/\/api.w.org\/{rel}","templated":true}]}}