{"id":5312,"date":"2025-05-01T14:48:25","date_gmt":"2025-05-01T13:48:25","guid":{"rendered":"http:\/\/bajamorocco.com\/index.php\/gallery\/baja-morocco-2021\/videos-de-la-baja-morocco-2021\/"},"modified":"2025-05-01T15:15:29","modified_gmt":"2025-05-01T14:15:29","slug":"videos-de-la-baja-morocco-2021","status":"publish","type":"page","link":"https:\/\/bajamorocco.com\/fr\/index.php\/gallery\/baja-morocco-2021\/videos-de-la-baja-morocco-2021\/","title":{"rendered":"Vid\u00e9os de la Baja Morocco 2021"},"content":{"rendered":"<div class=\"wpb-content-wrapper\"><p>[vc_row][vc_column width=&#8221;2\/3&#8243;][vc_video link=&#8221;https:\/\/youtu.be\/gQA0XDXlNC0&#8243;][\/vc_column][vc_column width=&#8221;1\/3&#8243;][vc_single_image image=&#8221;5037&#8243; img_size=&#8221;full&#8221; onclick=&#8221;custom_link&#8221; title=&#8221;Entretiens&#8221; link=&#8221;https:\/\/bajamorocco.com\/fr\/index.php\/baja-morocco-2021-video-interviews\/&#8221; label=&#8221;&#8221;][vc_single_image image=&#8221;5057&#8243; img_size=&#8221;full&#8221; onclick=&#8221;custom_link&#8221; title=&#8221;Extraits quotidiens&#8221; link=&#8221;https:\/\/bajamorocco.com\/fr\/index.php\/baja-morocco-2022-daily-clips\/&#8221; label=&#8221;&#8221;][vc_single_image image=&#8221;4957&#8243; img_size=&#8221;full&#8221; onclick=&#8221;custom_link&#8221; title=&#8221;Vid\u00e9os g\u00e9n\u00e9rales&#8221; link=&#8221;https:\/\/bajamorocco.com\/fr\/index.php\/baja-morocco-2021-general-videos\/&#8221; label=&#8221;&#8221;][\/vc_column][\/vc_row]<\/p>\n<\/div>","protected":false},"excerpt":{"rendered":"<p>[vc_row][vc_column width=&#8221;2\/3&#8243;][vc_video link=&#8221;https:\/\/youtu.be\/gQA0XDXlNC0&#8243;][\/vc_column][vc_column width=&#8221;1\/3&#8243;][vc_single_image image=&#8221;5037&#8243; img_size=&#8221;full&#8221; onclick=&#8221;custom_link&#8221; title=&#8221;Entretiens&#8221; link=&#8221;https:\/\/bajamorocco.com\/fr\/index.php\/baja-morocco-2021-video-interviews\/&#8221; label=&#8221;&#8221;][vc_single_image image=&#8221;5057&#8243; img_size=&#8221;full&#8221; onclick=&#8221;custom_link&#8221; title=&#8221;Extraits quotidiens&#8221; link=&#8221;https:\/\/bajamorocco.com\/fr\/index.php\/baja-morocco-2022-daily-clips\/&#8221; label=&#8221;&#8221;][vc_single_image image=&#8221;4957&#8243; img_size=&#8221;full&#8221; onclick=&#8221;custom_link&#8221; title=&#8221;Vid\u00e9os g\u00e9n\u00e9rales&#8221; link=&#8221;https:\/\/bajamorocco.com\/fr\/index.php\/baja-morocco-2021-general-videos\/&#8221; label=&#8221;&#8221;][\/vc_column][\/vc_row]<\/p>\n","protected":false},"author":1,"featured_media":0,"parent":5307,"menu_order":0,"comment_status":"closed","ping_status":"closed","template":"","meta":{"pgc_sgb_lightbox_settings":"","footnotes":""},"class_list":["post-5312","page","type-page","status-publish","hentry"],"_links":{"self":[{"href":"https:\/\/bajamorocco.com\/fr\/index.php\/wp-json\/wp\/v2\/pages\/5312","targetHints":{"allow":["GET"]}}],"collection":[{"href":"https:\/\/bajamorocco.com\/fr\/index.php\/wp-json\/wp\/v2\/pages"}],"about":[{"href":"https:\/\/bajamorocco.com\/fr\/index.php\/wp-json\/wp\/v2\/types\/page"}],"author":[{"embeddable":true,"href":"https:\/\/bajamorocco.com\/fr\/index.php\/wp-json\/wp\/v2\/users\/1"}],"replies":[{"embeddable":true,"href":"https:\/\/bajamorocco.com\/fr\/index.php\/wp-json\/wp\/v2\/comments?post=5312"}],"version-history":[{"count":2,"href":"https:\/\/bajamorocco.com\/fr\/index.php\/wp-json\/wp\/v2\/pages\/5312\/revisions"}],"predecessor-version":[{"id":5355,"href":"https:\/\/bajamorocco.com\/fr\/index.php\/wp-json\/wp\/v2\/pages\/5312\/revisions\/5355"}],"up":[{"embeddable":true,"href":"https:\/\/bajamorocco.com\/fr\/index.php\/wp-json\/wp\/v2\/pages\/5307"}],"wp:attachment":[{"href":"https:\/\/bajamorocco.com\/fr\/index.php\/wp-json\/wp\/v2\/media?parent=5312"}],"curies":[{"name":"wp","href":"https:\/\/api.w.org\/{rel}","templated":true}]}}