{"id":3234,"date":"2023-05-30T13:34:19","date_gmt":"2023-05-30T12:34:19","guid":{"rendered":"http:\/\/bajamorocco.com\/index.php\/categories\/"},"modified":"2026-05-02T18:55:02","modified_gmt":"2026-05-02T17:55:02","slug":"categories","status":"publish","type":"page","link":"https:\/\/bajamorocco.com\/fr\/index.php\/categories\/","title":{"rendered":"Cat\u00e9gories"},"content":{"rendered":"<div class=\"wpb-content-wrapper\"><p>[vc_row][vc_column][vc_column_text]<\/p>\n<h2 style=\"text-align: center;\"><strong>AUTOS<\/strong><\/h2>\n<p>[\/vc_column_text][vc_row_inner][vc_column_inner width=&#8221;1\/2&#8243;][vc_single_image image=&#8221;3741&#8243; img_size=&#8221;full&#8221;][\/vc_column_inner][vc_column_inner width=&#8221;1\/2&#8243;][vc_column_text css=&#8221;&#8221; css_params=&#8221;&#8221;]Nous aurons les cat\u00e9gories suivantes:<\/p>\n<p>Ultimate &#8211; 2RM et 4RM<\/p>\n<p>Auto &#8211; 2RM et 4RM<\/p>\n<p>Challenger<\/p>\n<p>&nbsp;[\/vc_column_text][\/vc_column_inner][\/vc_row_inner][\/vc_column][\/vc_row][vc_row][vc_column][vc_column_text css=&#8221;&#8221; css_params=&#8221;&#8221;]<\/p>\n<h2 style=\"text-align: center;\"><strong>SSV<\/strong><\/h2>\n<p>[\/vc_column_text][vc_row_inner][vc_column_inner width=&#8221;1\/2&#8243;][vc_single_image image=&#8221;7504&#8243; img_size=&#8221;full&#8221; css=&#8221;&#8221; label=&#8221;&#8221; css_params=&#8221;&#8221;][\/vc_column_inner][vc_column_inner width=&#8221;1\/2&#8243;][vc_column_text css=&#8221;&#8221; css_params=&#8221;&#8221;]Nous aurons les cat\u00e9gories suivantes:<\/p>\n<p>SSV SERIE<\/p>\n<p>SSV OPEN<\/p>\n<p>&nbsp;<\/p>\n<p>&nbsp;[\/vc_column_text][\/vc_column_inner][\/vc_row_inner][\/vc_column][\/vc_row][vc_row disable_element=&#8221;yes&#8221; conditional_render=&#8221;%5B%7B%22value_role%22%3A%22administrator%22%7D%5D&#8221; css_params=&#8221;&#8221;][vc_column][vc_column_text]<\/p>\n<h2 style=\"text-align: center;\"><strong>SSV&#8217;s<\/strong><\/h2>\n<p>[\/vc_column_text][\/vc_column][\/vc_row][vc_row disable_element=&#8221;yes&#8221; el_id=&#8221;ssv&#8221; conditional_render=&#8221;%5B%7B%22value_role%22%3A%22administrator%22%7D%5D&#8221; css_params=&#8221;&#8221;][vc_column width=&#8221;1\/2&#8243;][vc_single_image image=&#8221;3212&#8243; img_size=&#8221;full&#8221;][vc_column_text css=&#8221;&#8221; css_params=&#8221;&#8221;]<\/p>\n<div>\n<div id=\"MUNIT-525a009b-ca93-4d8f-888c-d78ae05cedca-MUNIT\" class=\"rz_textfield isModule\">\n<div class=\"text\">\n<div id=\"MUNIT-f47f8281-f8a6-41d3-8a9a-5d2056905430-MUNIT\" class=\"rz_textfield isModule\">\n<div class=\"text\">\n<div>\n<div id=\"MUNIT-525a009b-ca93-4d8f-888c-d78ae05cedca-MUNIT\" class=\"rz_textfield isModule\">\n<div class=\"text\">\n<div>\n<div id=\"MUNIT-f47f8281-f8a6-41d3-8a9a-5d2056905430-MUNIT\" class=\"rz_textfield isModule\">\n<div class=\"text\">\n<p><b style=\"font-size: 20px;\"><b>Les principaux crit\u00e8res techniques de la cat\u00e9gorie Serie<\/b>:<\/b><\/p>\n<p>&nbsp;<\/p>\n<\/div>\n<\/div>\n<\/div>\n<div>\n<div id=\"MUNIT-62c42e07-91e2-4c86-8cdc-be64213ce4fd-MUNIT\" class=\"rz_textfield isModule\">\n<div class=\"text\">\n<table width=\"100%\">\n<tbody>\n<tr>\n<td width=\"134\"><span style=\"color: #ed6d04;\"><b>Radiateur et Intercooler<\/b><\/span><\/td>\n<td width=\"163\">Origine<\/td>\n<\/tr>\n<tr>\n<td width=\"134\"><span style=\"color: #ed6d04;\"><strong>Turbo<\/strong><\/span><\/td>\n<td width=\"163\">Origine<\/td>\n<\/tr>\n<tr>\n<td width=\"134\"><b><span style=\"color: #ed6d04;\">R\u00e9servoir et canalisations de carburant<\/span><\/b><\/td>\n<td width=\"163\">Origine autoris\u00e9<\/td>\n<\/tr>\n<tr>\n<td rowspan=\"4\" width=\"134\"><strong><span style=\"color: #ed6d04;\">Suspension<\/span><\/strong><\/td>\n<td width=\"163\">Les ressorts sont libres sous r\u00e9serve de conserver le nombre de ressorts d\u2019origine<\/td>\n<\/tr>\n<tr>\n<td width=\"163\">Les amortisseurs sont libres mais le nombre d\u2019amortisseurs d\u2019origine devra \u00eatre respect\u00e9<\/td>\n<\/tr>\n<tr>\n<td width=\"163\">Suspension pilot\u00e9e autoris\u00e9e<\/td>\n<\/tr>\n<tr>\n<td width=\"163\">Triangles et bras de suspension d&#8217;origine. Renforts basiques autoris\u00e9s<\/td>\n<\/tr>\n<tr>\n<td width=\"134\"><strong><span style=\"color: #ed6d04;\">Chassis<\/span><\/strong><\/td>\n<td width=\"163\">Origine<\/td>\n<\/tr>\n<tr>\n<td width=\"134\"><strong><span style=\"color: #ed6d04;\">Casques<\/span><\/strong><\/td>\n<td width=\"163\">Homologu\u00e9 CE<\/td>\n<\/tr>\n<tr>\n<td width=\"134\"><strong><span style=\"color: #ed6d04;\">Combinaisons<\/span><\/strong><\/td>\n<td width=\"163\">Imifuge obligatoire<\/td>\n<\/tr>\n<tr>\n<td width=\"134\"><strong><span style=\"color: #ed6d04;\">Largueur de voie<\/span><\/strong><\/td>\n<td width=\"163\">1.9 m maximum<\/td>\n<\/tr>\n<tr>\n<td width=\"134\"><strong><span style=\"color: #ed6d04;\">Freinage<\/span><\/strong><\/td>\n<td width=\"163\">Origine<\/td>\n<\/tr>\n<tr>\n<td width=\"134\"><strong><span style=\"color: #ed6d04;\">Arceau<\/span><\/strong><\/td>\n<td width=\"163\">Arceau d&#8217;origine avec renforts obligatoires<\/td>\n<\/tr>\n<tr>\n<td width=\"134\"><\/td>\n<td width=\"163\"><\/td>\n<\/tr>\n<tr>\n<td width=\"134\"><strong><span style=\"color: #ed6d04;\"><b>Si\u00e8ges<\/b><\/span><\/strong><\/td>\n<td width=\"163\">Baquets obligatoires<\/td>\n<\/tr>\n<tr>\n<td width=\"134\"><strong><span style=\"color: #ed6d04;\">Harnais<\/span><\/strong><\/td>\n<td width=\"163\">Harnais 4 points obligatoire<\/td>\n<\/tr>\n<tr>\n<td width=\"134\"><strong><span style=\"color: #ed6d04;\">Hans&nbsp;<\/span><\/strong><\/td>\n<td width=\"163\">Obligatoires<\/td>\n<\/tr>\n<tr>\n<td width=\"134\"><strong><span style=\"color: #ed6d04;\">Filets de protection<\/span><\/strong><\/td>\n<td width=\"163\">Des filets de protection pour le pilote et le copilote sont obligatoires<\/td>\n<\/tr>\n<tr>\n<td width=\"134\"><span style=\"color: #ed6d04;\"><strong>Extincteur<\/strong><\/span><\/td>\n<td width=\"163\">Au moins 1 extincteur de 2kgs est obligatoire<\/td>\n<\/tr>\n<tr>\n<td width=\"134\"><span style=\"color: #ed6d04;\"><b>Crochets de remorquage<\/b><\/span><\/td>\n<td width=\"163\">1 crochet de remorquage \u00e0 l&#8217;avant et \u00e0 l&#8217;arri\u00e8re sont obligatoires<\/td>\n<\/tr>\n<tr>\n<td width=\"134\"><strong><span style=\"color: #ed6d04;\">Pare-brise<\/span><\/strong><\/td>\n<td width=\"163\">Un pare-brise ou une grille peut \u00eatre ajout\u00e9<\/td>\n<\/tr>\n<tr>\n<td width=\"134\"><strong><span style=\"color: #ed6d04;\">Coupe circuit&nbsp;<\/span><\/strong><\/td>\n<td width=\"163\">Un coupe circuit antid\u00e9flagrant est obligatoire<\/td>\n<\/tr>\n<tr>\n<td width=\"134\"><span style=\"color: #ed6d04;\"><b>Equipement lumineux<\/b><\/span><\/td>\n<td width=\"163\">2 feux stop et 1 feu de brouillard suppl\u00e9mentaire sont obligatoires<\/td>\n<\/tr>\n<tr>\n<td width=\"134\"><strong><span style=\"color: #ed6d04;\">Pneus<\/span><\/strong><\/td>\n<td width=\"163\">Libre<\/td>\n<\/tr>\n<tr>\n<td width=\"134\"><strong><span style=\"color: #ed6d04;\">Jantes<\/span><\/strong><\/td>\n<td width=\"163\">Taille d\u2019origine<\/td>\n<\/tr>\n<tr>\n<td width=\"134\"><strong><span style=\"color: #ed6d04;\">Roues de secours<\/span><\/strong><\/td>\n<td width=\"163\">1 roue de secours minimum, 2 recommand\u00e9<\/td>\n<\/tr>\n<\/tbody>\n<\/table>\n<\/div>\n<\/div>\n<\/div>\n<div>\n<div id=\"MUNIT-fe21c40c-1e66-424e-83bb-9c9c738718e7-MUNIT\" class=\"rz_container_collapsible isModule\">\n<div class=\"collapsibleContent\">\n<div id=\"MUNIT-7949d4ae-ec73-4d9d-9568-3fb68eb12f01-MUNIT\" class=\"rz_textfield isModule\"><\/div>\n<\/div>\n<\/div>\n<\/div>\n<\/div>\n<\/div>\n<\/div>\n<div>\n<div id=\"MUNIT-63d6e60d-4b86-4520-8f49-dc9739ec819e-MUNIT\" class=\"rz_container_collapsible isModule\">\n<div class=\"collapsibleContent\">\n<div id=\"MUNIT-2e43ad15-0700-4617-8335-67e1cef04457-MUNIT\" class=\"rz_textfield isModule\"><\/div>\n<\/div>\n<\/div>\n<\/div>\n<\/div>\n<\/div>\n<\/div>\n<\/div>\n<\/div>\n<p>[\/vc_column_text][\/vc_column][vc_column width=&#8221;1\/2&#8243;][vc_single_image image=&#8221;3208&#8243; img_size=&#8221;full&#8221;][vc_column_text]<\/p>\n<div>\n<div id=\"MUNIT-525a009b-ca93-4d8f-888c-d78ae05cedca-MUNIT\" class=\"rz_textfield isModule\">\n<div class=\"text\">\n<div>\n<div id=\"MUNIT-525a009b-ca93-4d8f-888c-d78ae05cedca-MUNIT\" class=\"rz_textfield isModule\">\n<div class=\"text\">\n<p><b style=\"font-size: 20px;\"><b>Les principaux crit\u00e8res techniques de la cat\u00e9gorie Open:<\/b><\/b><\/p>\n<p>&nbsp;<\/p><\/div>\n<\/div>\n<\/div>\n<div>\n<div id=\"MUNIT-982ac23a-f722-429f-bc63-b86b0ae49a0a-MUNIT\" class=\"rz_textfield isModule\">\n<div class=\"text\">\n<table width=\"100%\">\n<tbody>\n<tr>\n<td width=\"160\"><span style=\"color: #ed6d04;\"><strong>Radiateur et Intercooler<\/strong><\/span><\/td>\n<td width=\"193\">Libre<\/td>\n<\/tr>\n<tr>\n<td width=\"160\"><span style=\"color: #ed6d04;\"><strong>Turbo<\/strong><\/span><\/td>\n<td width=\"193\">Libre<\/td>\n<\/tr>\n<tr>\n<td width=\"160\"><b><span style=\"color: #ed6d04;\">R\u00e9servoir et canalisations de carburant\u00a0\u00a0<\/span>\u00a0<\/b><\/td>\n<td width=\"193\">Libres mais doivent \u00eatre homologu\u00e9 sport automobile<\/td>\n<\/tr>\n<tr>\n<td rowspan=\"3\" width=\"160\"><span style=\"color: #ed6d04;\"><strong>Suspension<\/strong><\/span><\/td>\n<td width=\"193\">Les ressorts et amortisseurs sont libres<\/td>\n<\/tr>\n<tr>\n<td width=\"193\">Suspension pilot\u00e9e autoris\u00e9e<\/td>\n<\/tr>\n<tr>\n<td width=\"193\">Triangles et bras de suspension de comp\u00e9tition sont autoris\u00e9es<\/td>\n<\/tr>\n<tr>\n<td width=\"160\"><span style=\"color: #ed6d04;\"><strong>Chassis<\/strong><\/span><\/td>\n<td width=\"193\">Libre<\/td>\n<\/tr>\n<tr>\n<td width=\"160\"><span style=\"color: #ed6d04;\"><strong>Casques<\/strong><\/span><\/td>\n<td width=\"193\">Homologu\u00e9 CE<\/td>\n<\/tr>\n<tr>\n<td width=\"160\"><span style=\"color: #ed6d04;\"><b>Combinaisons<\/b><\/span><\/td>\n<td width=\"193\">Ignifug\u00e9 obligatoire<\/td>\n<\/tr>\n<tr>\n<td width=\"160\"><span style=\"color: #ed6d04;\"><strong>Largueur de voie<\/strong><\/span><\/td>\n<td width=\"193\">Plus de 1.9m autoris\u00e9e<\/td>\n<\/tr>\n<tr>\n<td width=\"160\"><span style=\"color: #ed6d04;\"><strong>Freinage<\/strong><\/span><\/td>\n<td width=\"193\">Libre<\/td>\n<\/tr>\n<tr>\n<td width=\"160\"><span style=\"color: #ed6d04;\"><strong>Arceau<\/strong><\/span><\/td>\n<td width=\"193\">Arceau de competition homologu\u00e9<\/td>\n<\/tr>\n<tr>\n<td width=\"160\"><\/td>\n<td width=\"193\"><\/td>\n<\/tr>\n<tr>\n<td width=\"160\"><span style=\"color: #ed6d04;\"><strong><b>Si\u00e8ges<\/b><\/strong><\/span><\/td>\n<td width=\"193\">Baquets obligatoires<\/td>\n<\/tr>\n<tr>\n<td width=\"160\"><span style=\"color: #ed6d04;\"><strong>Harnais<\/strong><\/span><\/td>\n<td width=\"193\">Harnais 4 points obligatoires<\/td>\n<\/tr>\n<tr>\n<td width=\"160\"><span style=\"color: #ed6d04;\"><strong>Hans\u00a0<\/strong><\/span><\/td>\n<td width=\"193\">Obligatoire<\/td>\n<\/tr>\n<tr>\n<td width=\"160\"><span style=\"color: #ed6d04;\"><strong>Filets de protection<\/strong><\/span><\/td>\n<td width=\"193\">Des filets de protection pour le pilote et le copilote sont obligatoires<\/td>\n<\/tr>\n<tr>\n<td width=\"160\"><span style=\"color: #ed6d04;\"><strong>Extincteur<\/strong><\/span><\/td>\n<td width=\"193\">Au moins 1 extincteur de 2kg est obligatoire<\/td>\n<\/tr>\n<tr>\n<td width=\"160\"><strong><span style=\"color: #ed6d04;\">Pare-brise<\/span><\/strong><\/td>\n<td width=\"193\">Un pare-brise ou une grille peut \u00eatre ajout\u00e9<\/td>\n<\/tr>\n<tr>\n<td width=\"160\"><span style=\"color: #ed6d04;\"><strong>Crochets de remorquage<\/strong><\/span><\/td>\n<td width=\"193\">1 crochet de remorquage \u00e0 l&#8217;avant et \u00e0 l&#8217;arri\u00e8re sont obligatoires<\/td>\n<\/tr>\n<tr>\n<td width=\"160\"><span style=\"color: #ed6d04;\"><strong>Coupe circuit<\/strong><\/span><\/td>\n<td width=\"193\">Un coupe circuit antid\u00e9flagrant est obligatoire.<\/td>\n<\/tr>\n<tr>\n<td width=\"160\"><span style=\"color: #ed6d04;\"><strong>Equipement lumineux<\/strong><\/span><\/td>\n<td width=\"193\">2 feux stop et 1 feu de brouillard suppl\u00e9mentaire sont obligatoires<\/td>\n<\/tr>\n<tr>\n<td width=\"160\"><span style=\"color: #ed6d04;\"><strong>Pneus et jantes<\/strong><\/span><\/td>\n<td width=\"193\">Libre<\/td>\n<\/tr>\n<tr>\n<td width=\"160\"><strong><span style=\"color: #ed6d04;\">Roues de secours<\/span><\/strong><\/td>\n<td width=\"193\">1 roue de secours minimum, 2 recommand\u00e9<\/td>\n<\/tr>\n<\/tbody>\n<\/table>\n<\/div>\n<\/div>\n<\/div>\n<div>\n<div id=\"MUNIT-63d6e60d-4b86-4520-8f49-dc9739ec819e-MUNIT\" class=\"rz_container_collapsible isModule\">\n<div class=\"collapsibleContent\">\n<div id=\"MUNIT-2e43ad15-0700-4617-8335-67e1cef04457-MUNIT\" class=\"rz_textfield isModule\"><\/div>\n<\/div>\n<\/div>\n<\/div>\n<\/div>\n<\/div>\n<\/div>\n<p>[\/vc_column_text][\/vc_column][\/vc_row][vc_row el_id=&#8221;motorbikes&#8221;][vc_column][vc_column_text css=&#8221;&#8221; css_params=&#8221;&#8221;]<\/p>\n<h2 style=\"text-align: center;\"><strong>MOTOS ET QUADS<\/strong><\/h2>\n<p>[\/vc_column_text][vc_row_inner][vc_column_inner width=&#8221;1\/2&#8243;][vc_single_image image=&#8221;3174&#8243; img_size=&#8221;full&#8221;][\/vc_column_inner][vc_column_inner width=&#8221;1\/2&#8243;][vc_column_text css=&#8221;&#8221; css_params=&#8221;&#8221;]3 cat\u00e9gories : motos de moins de 450cc et motos de plus de 450cc, et quads.[\/vc_column_text][vc_gallery type=&#8221;image_grid&#8221; images=&#8221;3172,3170,3168,3166,3193,3197,3199,3195&#8243;][\/vc_column_inner][\/vc_row_inner][\/vc_column][\/vc_row]<\/p>\n<\/div>","protected":false},"excerpt":{"rendered":"<p>[vc_row][vc_column][vc_column_text] AUTOS [\/vc_column_text][vc_row_inner][vc_column_inner width=&#8221;1\/2&#8243;][vc_single_image image=&#8221;3741&#8243; img_size=&#8221;full&#8221;][\/vc_column_inner][vc_column_inner width=&#8221;1\/2&#8243;][vc_column_text css=&#8221;&#8221; css_params=&#8221;&#8221;]Nous aurons les cat\u00e9gories suivantes: Ultimate &#8211; 2RM et 4RM Auto &#8211; 2RM et 4RM Challenger &nbsp;[\/vc_column_text][\/vc_column_inner][\/vc_row_inner][\/vc_column][\/vc_row][vc_row][vc_column][vc_column_text css=&#8221;&#8221; css_params=&#8221;&#8221;] SSV [\/vc_column_text][vc_row_inner][vc_column_inner width=&#8221;1\/2&#8243;][vc_single_image image=&#8221;7504&#8243; img_size=&#8221;full&#8221; css=&#8221;&#8221; label=&#8221;&#8221; css_params=&#8221;&#8221;][\/vc_column_inner][vc_column_inner width=&#8221;1\/2&#8243;][vc_column_text css=&#8221;&#8221; css_params=&#8221;&#8221;]Nous aurons les cat\u00e9gories suivantes: SSV SERIE SSV OPEN &nbsp; &nbsp;[\/vc_column_text][\/vc_column_inner][\/vc_row_inner][\/vc_column][\/vc_row][vc_row disable_element=&#8221;yes&#8221; conditional_render=&#8221;%5B%7B%22value_role%22%3A%22administrator%22%7D%5D&#8221; css_params=&#8221;&#8221;][vc_column][vc_column_text] SSV&#8217;s [\/vc_column_text][\/vc_column][\/vc_row][vc_row disable_element=&#8221;yes&#8221; el_id=&#8221;ssv&#8221; [&hellip;]<\/p>\n","protected":false},"author":2,"featured_media":0,"parent":0,"menu_order":0,"comment_status":"closed","ping_status":"closed","template":"","meta":{"pgc_sgb_lightbox_settings":"","footnotes":""},"class_list":["post-3234","page","type-page","status-publish","hentry"],"_links":{"self":[{"href":"https:\/\/bajamorocco.com\/fr\/index.php\/wp-json\/wp\/v2\/pages\/3234","targetHints":{"allow":["GET"]}}],"collection":[{"href":"https:\/\/bajamorocco.com\/fr\/index.php\/wp-json\/wp\/v2\/pages"}],"about":[{"href":"https:\/\/bajamorocco.com\/fr\/index.php\/wp-json\/wp\/v2\/types\/page"}],"author":[{"embeddable":true,"href":"https:\/\/bajamorocco.com\/fr\/index.php\/wp-json\/wp\/v2\/users\/2"}],"replies":[{"embeddable":true,"href":"https:\/\/bajamorocco.com\/fr\/index.php\/wp-json\/wp\/v2\/comments?post=3234"}],"version-history":[{"count":14,"href":"https:\/\/bajamorocco.com\/fr\/index.php\/wp-json\/wp\/v2\/pages\/3234\/revisions"}],"predecessor-version":[{"id":12235,"href":"https:\/\/bajamorocco.com\/fr\/index.php\/wp-json\/wp\/v2\/pages\/3234\/revisions\/12235"}],"wp:attachment":[{"href":"https:\/\/bajamorocco.com\/fr\/index.php\/wp-json\/wp\/v2\/media?parent=3234"}],"curies":[{"name":"wp","href":"https:\/\/api.w.org\/{rel}","templated":true}]}}