{"id":1743,"date":"2021-06-14T18:25:26","date_gmt":"2021-06-14T17:25:26","guid":{"rendered":"http:\/\/bajamorocco.com\/index.php\/stella-iii-evo\/"},"modified":"2021-06-16T14:03:59","modified_gmt":"2021-06-16T13:03:59","slug":"stella-iii-evo","status":"publish","type":"page","link":"https:\/\/bajamorocco.com\/fr\/index.php\/stella-iii-evo\/","title":{"rendered":"Stella III Evo"},"content":{"rendered":"<div class=\"wpb-content-wrapper\"><p>[vc_row][vc_column][vc_empty_space][\/vc_column][\/vc_row][vc_row][vc_column][vc_single_image image=&#8221;1509&#8243; img_size=&#8221;full&#8221;][\/vc_column][\/vc_row][vc_row][vc_column width=&#8221;1\/2&#8243;][vc_column_text]<span style=\"color: #f0f0f0;\">Pour la s\u00e9curit\u00e9 de nos concurrents nous avons choisi le syst\u00e8me de tracking utilis\u00e9 par le Championnat du Monde des Baja FIA et le Championnat US Score . Ce syst\u00e8me permettra \u00e9galement \u00e0 votre famille et \u00e0 vos amis de vous suivre pendant la course.<\/span>[\/vc_column_text][\/vc_column][vc_column width=&#8221;1\/2&#8243;][vc_btn title=&#8221;Briefing Stella III Evo&#8221; shape=&#8221;rounded&#8221; size=&#8221;xl&#8221; align=&#8221;center&#8221; skin=&#8221;primary&#8221; button_block=&#8221;true&#8221; link=&#8221;url:http%3A%2F%2Fbajamorocco.com%2Fwp-content%2Fuploads%2F2021%2F06%2FBreafing_Stella3Evo_V7_EN-2.pdf|&#8221;][vc_btn title=&#8221;Manuel d&#8217;installation&#8221; size=&#8221;xl&#8221; align=&#8221;center&#8221; skin=&#8221;primary&#8221; button_block=&#8221;true&#8221; link=&#8221;url:http%3A%2F%2Fbajamorocco.com%2Fwp-content%2Fuploads%2F2021%2F06%2FEVO_Install_manual_2019_v1_ENG_4_wheels-1.pdf&#8221;][vc_btn title=&#8221;Court r\u00e9sum\u00e9&#8221; size=&#8221;xl&#8221; align=&#8221;center&#8221; skin=&#8221;primary&#8221; button_block=&#8221;true&#8221;][\/vc_column][\/vc_row][vc_row][vc_column][vc_video link=&#8221;https:\/\/www.youtube.com\/watch?v=zbEuybWDkY8&#8243;][\/vc_column][\/vc_row]<\/p>\n<\/div>","protected":false},"excerpt":{"rendered":"<p>[vc_row][vc_column][vc_empty_space][\/vc_column][\/vc_row][vc_row][vc_column][vc_single_image image=&#8221;1509&#8243; img_size=&#8221;full&#8221;][\/vc_column][\/vc_row][vc_row][vc_column width=&#8221;1\/2&#8243;][vc_column_text]Pour la s\u00e9curit\u00e9 de nos concurrents nous avons choisi le syst\u00e8me de tracking utilis\u00e9 par le Championnat du Monde des Baja FIA et le Championnat US Score . Ce syst\u00e8me permettra \u00e9galement \u00e0 votre famille et \u00e0 vos amis de vous suivre pendant la course.[\/vc_column_text][\/vc_column][vc_column width=&#8221;1\/2&#8243;][vc_btn title=&#8221;Briefing Stella III Evo&#8221; shape=&#8221;rounded&#8221; size=&#8221;xl&#8221; [&hellip;]<\/p>\n","protected":false},"author":1,"featured_media":0,"parent":0,"menu_order":0,"comment_status":"closed","ping_status":"closed","template":"","meta":{"pgc_sgb_lightbox_settings":"","footnotes":""},"class_list":["post-1743","page","type-page","status-publish","hentry"],"_links":{"self":[{"href":"https:\/\/bajamorocco.com\/fr\/index.php\/wp-json\/wp\/v2\/pages\/1743","targetHints":{"allow":["GET"]}}],"collection":[{"href":"https:\/\/bajamorocco.com\/fr\/index.php\/wp-json\/wp\/v2\/pages"}],"about":[{"href":"https:\/\/bajamorocco.com\/fr\/index.php\/wp-json\/wp\/v2\/types\/page"}],"author":[{"embeddable":true,"href":"https:\/\/bajamorocco.com\/fr\/index.php\/wp-json\/wp\/v2\/users\/1"}],"replies":[{"embeddable":true,"href":"https:\/\/bajamorocco.com\/fr\/index.php\/wp-json\/wp\/v2\/comments?post=1743"}],"version-history":[{"count":0,"href":"https:\/\/bajamorocco.com\/fr\/index.php\/wp-json\/wp\/v2\/pages\/1743\/revisions"}],"wp:attachment":[{"href":"https:\/\/bajamorocco.com\/fr\/index.php\/wp-json\/wp\/v2\/media?parent=1743"}],"curies":[{"name":"wp","href":"https:\/\/api.w.org\/{rel}","templated":true}]}}